{"id":235,"date":"2025-05-22T18:30:05","date_gmt":"2025-05-22T16:30:05","guid":{"rendered":"https:\/\/az.gasgas.it\/politica-de-privacidad\/"},"modified":"2025-06-09T19:18:50","modified_gmt":"2025-06-09T17:18:50","slug":"privacy-policy","status":"publish","type":"page","link":"https:\/\/az.gasgas.it\/it\/privacy-policy\/","title":{"rendered":"Privacy Policy"},"content":{"rendered":"<div class=\"wpb-content-wrapper\"><p>[vc_row content_placement=&#8221;middle&#8221;][vc_column][vc_column_text css=&#8221;&#8221;]<\/p>\n<h4>Chi \u00e8 il responsabile del trattamento dei tuoi dati?<\/h4>\n<p>\u2022 Identit\u00e0: AZ COMERCIO INTERNACIONAL BIENES DE EQUIPO S. L. (nel successivo AZ)<br \/>\n\u2022 CIF: B82435595<br \/>\n\u2022 Domicilio: LOPEZ DE HOYOS, 327. 28043 MADRID.<br \/>\n\u2022 Telefono: 91 743 45 39<br \/>\n\u2022 Correo elettronico: a-z@azcibe.com<br \/>\n\u2022 Delegato di Protezione dei Dati \/ DPD: <a href=\"mailto:a-z@azcibe.com\">a-z@azcibe.com<\/a><\/p>\n<h4>FINALIT\u00c0<\/h4>\n<p><strong>Con quale finalit\u00e0 tratteremo i tuoi dati personali?<\/strong><br \/>\nIn AZ forniremo le informazioni per:<br \/>\n\u2013 Gestire la relazione commerciale che manteniamo con noi.<br \/>\n\u2013 Invio di comunicazioni commerciali relative al settore.<br \/>\n\u2013 Realizzazione di un presupposto adeguato alle sue necessit\u00e0, nel caso in cui lo richieda.<\/p>\n<p><strong>Quanto tempo avremo i tuoi dati?<\/strong><br \/>\nI dati personali che ci verranno forniti saranno conservati mentre si mantiene il rapporto commerciale vigente fino alla depurazione delle responsabilit\u00e0 legali. Asimismo, anche se ponga fin nella relazione tra le parti, AZ seguir\u00e0 conservando le tue informazioni per l&#8217;invio di informazioni vincolate con i nostri prodotti e servizi. Potrai sempre esercitare i diritti che riconoscono la normativa vigente rivolgendoti attraverso la via che le \u00e8 pi\u00f9 comoda. Tuttavia, vi informiamo che periodicamente rivedremo i nostri sistemi per procedere all&#8217;eliminazione di quei dati che non sono legalmente necessari.<\/p>\n<p><strong>LEGITTIMAZIONE<\/strong><\/p>\n<p><strong>Qual \u00e8 la legittimazione per il trattamento dei tuoi dati<\/strong><br \/>\nIn base alle finalit\u00e0 del riconoscimento dei nostri dati, il trattamento dei dati \u00e8 necessario:<br \/>\n1. Gestire la relazione commerciale che manteniamo con noi.<br \/>\nUN. Esecuzione di un contratto (abilitato dall&#8217;articolo 6.1.b RGPD)<br \/>\nB. Consenso dell&#8217;interessato ( abilitato dall&#8217;articolo 6.1.a RGPD)<br \/>\n2. Invio di comunicazioni commerciali<br \/>\nUN. Consenso dell&#8217;interessato (abilitato dall&#8217;articolo 6.1. RGPD)<br \/>\nB. Consenso dell&#8217;interessato (abilitato dall&#8217;articolo 20 LSSICE)<br \/>\nC. Inter\u00e9s legittimo (abilitato dall&#8217;articolo 6.1.f RGPD)<br \/>\n3. Realizzazione di un presupposto adeguato alle sue necessit\u00e0.<br \/>\nUN. Consenso dell&#8217;interessato ( abilitato dall&#8217;articolo 6.1.a RGPD)<br \/>\n4. Gestire le comunicazioni tramite posta elettronica con gli interessati.<br \/>\nUN. Consenso dell&#8217;interessato (abilitato dall\u2019articolo 6.1.a RGPD)<br \/>\nTutti i dati riconosciuti sono necessari per la prestazione del servizio. Tuttavia, quei dati contrassegnati da un asterisco (*) saranno opzionali. Nel caso in cui i dati obbligatori non siano stati facilitati dall&#8217;AZ, non potrai prestare il servizio contrattato, poich\u00e9 non inserire i dati che appaiono contrassegnati come obbligatori nel formulario tender\u00e0 come conseguenza della mancata attenzione alla tua richiesta.<\/p>\n<h4>DIRITTI DEGLI INTERESSATI<\/h4>\n<p><strong>Che cosa hanno i diritti in materia di protezione dei dati?<\/strong><br \/>\nPuoi esercitare uno qualsiasi dei seguenti diritti contattandoci all&#8217;indirizzo postale LOPEZ DE HOYOS, 327, 28043 MADRID, o all&#8217;indirizzo email indicato nell&#8217;intestazione (a-z@azcibe.com). In ogni caso, i seguenti diritti sono riconosciuti secondo la normativa vigente:<br \/>\n\u2013 Il diritto di richiedere l&#8217;accesso ai dati personali relativi all&#8217;interessato.<br \/>\n\u2013 Il diritto di richiederne la rettifica o la cancellazione.<br \/>\n\u2013 Il diritto di richiedere la limitazione del trattamento.<br \/>\n\u2013 Il diritto di opporsi al trattamento.<br \/>\n\u2013 Il diritto alla portabilit\u00e0 dei dati.<\/p>\n<p><strong>Quali sono i tuoi diritti quando ci fornisci i tuoi dati?<\/strong><br \/>\nOgni cittadino ha il diritto di ottenere conferma se AZ sta trattando o meno dati personali che lo riguardano.<br \/>\nGli interessati possono accedere ai propri dati personali, rettificarli o, se del caso, richiederne la cancellazione quando, tra le altre ragioni, i dati non sono pi\u00f9 necessari per le finalit\u00e0 per le quali sono stati raccolti.<br \/>\nPuoi anche comunicarci che desideri limitare il trattamento dei tuoi dati, nel qual caso saranno trattati solo per l&#8217;esercizio o la difesa di un diritto in sede giudiziaria.<br \/>\nAllo stesso modo, puoi revocare il tuo consenso al trattamento dei dati in qualsiasi momento.<br \/>\nPuoi inoltre presentare un reclamo all&#8217;Agenzia spagnola per la protezione dei dati (AEPD). Ulteriori informazioni sono fornite nella Sezione VII del presente documento.<\/p>\n<h4>DESTINATARI<\/h4>\n<p><strong>A quali destinatari saranno comunicati i tuoi dati?<\/strong><br \/>\nTi informiamo che non vengono effettuati trasferimenti di dati.<\/p>\n<h4>FONTE DEI TUOI DATI<\/h4>\n<p><strong>Come abbiamo ottenuto i tuoi dati?<\/strong><br \/>\nI dati personali utilizzati da AZ provengono dall&#8217;interessato.<\/p>\n<p><strong>Quali categorie di dati trattiamo?<\/strong><br \/>\nLe categorie di dati personali trattati:<br \/>\n\u2022 Informazioni aziendali. Sono incluse le informazioni di contatto di questa azienda, inclusi i seguenti dati identificativi:<br \/>\n\u2022 Nome<br \/>\n\u2022 Cognome<br \/>\n\u2022 Carta d&#8217;identit\u00e0 nazionale \/ Numero di identificazione straniero (NIE) \/ Passaporto<br \/>\n\u2022 Indirizzi postali<br \/>\n\u2022 Indirizzi email<br \/>\n\u2022 Informazioni commerciali<br \/>\n\u2022 Informazioni finanziarie<br \/>\n\u2022 Numero di conto bancario<br \/>\n\u2022 AZ non tratta dati specificamente protetti.<\/p>\n<p>In AZ, ci impegniamo al massimo per rispettare le normative sulla protezione dei dati, poich\u00e9 questo \u00e8 il nostro bene pi\u00f9 prezioso. Tuttavia, ti informiamo che, se ritieni che i tuoi diritti siano stati violati, puoi presentare un reclamo all&#8217;Agenzia Spagnola per la Protezione dei Dati (AEPD), con sede in C\/ Jorge Juan, 6, 28001 Madrid. Ulteriori informazioni sull&#8217;AEPD sono disponibili al seguente indirizzo: <a href=\"http:\/\/www.agpd.es\/\">http:\/\/www.agpd.es\/<\/a>[\/vc_column_text][\/vc_column][\/vc_row]<\/p>\n<\/div>","protected":false},"excerpt":{"rendered":"<p>[vc_row content_placement=&#8221;middle&#8221;][vc_column][vc_column_text css=&#8221;&#8221;] Chi \u00e8 il responsabile del trattamento dei tuoi dati? \u2022 Identit\u00e0: AZ COMERCIO INTERNACIONAL BIENES DE EQUIPO S. L. (nel successivo AZ) \u2022 CIF: B82435595 \u2022 Domicilio: LOPEZ DE HOYOS, 327. 28043 MADRID. \u2022 Telefono: 91 743 45 39 \u2022 Correo elettronico: a-z@azcibe.com \u2022 Delegato di Protezione dei Dati \/ DPD: a-z@azcibe.com &hellip; <a href=\"https:\/\/az.gasgas.it\/it\/privacy-policy\/\" class=\"more-link\">Continue reading <span class=\"screen-reader-text\">Privacy Policy<\/span><\/a><\/p>\n","protected":false},"author":1,"featured_media":0,"parent":0,"menu_order":0,"comment_status":"closed","ping_status":"open","template":"","meta":{"footnotes":""},"class_list":["post-235","page","type-page","status-publish","hentry"],"yoast_head":"<!-- This site is optimized with the Yoast SEO plugin v25.2 - https:\/\/yoast.com\/wordpress\/plugins\/seo\/ -->\n<title>Privacy Policy - AZ CIBE<\/title>\n<meta name=\"description\" content=\"responsabile del trattamento dei tuoi dati AZ COMERCIO INTERNACIONAL BIENES DE EQUIPO S. L.\" \/>\n<meta name=\"robots\" content=\"noindex, follow, max-snippet:-1, max-image-preview:large, max-video-preview:-1\" \/>\n<meta property=\"og:locale\" content=\"it_IT\" \/>\n<meta property=\"og:type\" content=\"article\" \/>\n<meta property=\"og:title\" content=\"Privacy Policy - AZ CIBE\" \/>\n<meta property=\"og:description\" content=\"responsabile del trattamento dei tuoi dati AZ COMERCIO INTERNACIONAL BIENES DE EQUIPO S. L.\" \/>\n<meta property=\"og:url\" content=\"https:\/\/az.gasgas.it\/it\/privacy-policy\/\" \/>\n<meta property=\"og:site_name\" content=\"AZ CIBE\" \/>\n<meta property=\"article:modified_time\" content=\"2025-06-09T17:18:50+00:00\" \/>\n<meta name=\"twitter:card\" content=\"summary_large_image\" \/>\n<meta name=\"twitter:label1\" content=\"Tempo di lettura stimato\" \/>\n\t<meta name=\"twitter:data1\" content=\"4 minuti\" \/>\n<script type=\"application\/ld+json\" class=\"yoast-schema-graph\">{\"@context\":\"https:\/\/schema.org\",\"@graph\":[{\"@type\":\"WebPage\",\"@id\":\"https:\/\/az.gasgas.it\/it\/privacy-policy\/\",\"url\":\"https:\/\/az.gasgas.it\/it\/privacy-policy\/\",\"name\":\"Privacy Policy - AZ CIBE\",\"isPartOf\":{\"@id\":\"https:\/\/az.gasgas.it\/it\/#website\"},\"datePublished\":\"2025-05-22T16:30:05+00:00\",\"dateModified\":\"2025-06-09T17:18:50+00:00\",\"description\":\"responsabile del trattamento dei tuoi dati AZ COMERCIO INTERNACIONAL BIENES DE EQUIPO S. L.\",\"breadcrumb\":{\"@id\":\"https:\/\/az.gasgas.it\/it\/privacy-policy\/#breadcrumb\"},\"inLanguage\":\"it-IT\",\"potentialAction\":[{\"@type\":\"ReadAction\",\"target\":[\"https:\/\/az.gasgas.it\/it\/privacy-policy\/\"]}]},{\"@type\":\"BreadcrumbList\",\"@id\":\"https:\/\/az.gasgas.it\/it\/privacy-policy\/#breadcrumb\",\"itemListElement\":[{\"@type\":\"ListItem\",\"position\":1,\"name\":\"Portada\",\"item\":\"https:\/\/az.gasgas.it\/it\/\"},{\"@type\":\"ListItem\",\"position\":2,\"name\":\"Privacy Policy\"}]},{\"@type\":\"WebSite\",\"@id\":\"https:\/\/az.gasgas.it\/it\/#website\",\"url\":\"https:\/\/az.gasgas.it\/it\/\",\"name\":\"AZ CIBE\",\"description\":\"AZ Commercio Internacional Bienes de Equipo S.L.\",\"potentialAction\":[{\"@type\":\"SearchAction\",\"target\":{\"@type\":\"EntryPoint\",\"urlTemplate\":\"https:\/\/az.gasgas.it\/it\/?s={search_term_string}\"},\"query-input\":{\"@type\":\"PropertyValueSpecification\",\"valueRequired\":true,\"valueName\":\"search_term_string\"}}],\"inLanguage\":\"it-IT\"}]}<\/script>\n<!-- \/ Yoast SEO plugin. -->","yoast_head_json":{"title":"Privacy Policy - AZ CIBE","description":"responsabile del trattamento dei tuoi dati AZ COMERCIO INTERNACIONAL BIENES DE EQUIPO S. L.","robots":{"index":"noindex","follow":"follow","max-snippet":"max-snippet:-1","max-image-preview":"max-image-preview:large","max-video-preview":"max-video-preview:-1"},"og_locale":"it_IT","og_type":"article","og_title":"Privacy Policy - AZ CIBE","og_description":"responsabile del trattamento dei tuoi dati AZ COMERCIO INTERNACIONAL BIENES DE EQUIPO S. L.","og_url":"https:\/\/az.gasgas.it\/it\/privacy-policy\/","og_site_name":"AZ CIBE","article_modified_time":"2025-06-09T17:18:50+00:00","twitter_card":"summary_large_image","twitter_misc":{"Tempo di lettura stimato":"4 minuti"},"schema":{"@context":"https:\/\/schema.org","@graph":[{"@type":"WebPage","@id":"https:\/\/az.gasgas.it\/it\/privacy-policy\/","url":"https:\/\/az.gasgas.it\/it\/privacy-policy\/","name":"Privacy Policy - AZ CIBE","isPartOf":{"@id":"https:\/\/az.gasgas.it\/it\/#website"},"datePublished":"2025-05-22T16:30:05+00:00","dateModified":"2025-06-09T17:18:50+00:00","description":"responsabile del trattamento dei tuoi dati AZ COMERCIO INTERNACIONAL BIENES DE EQUIPO S. L.","breadcrumb":{"@id":"https:\/\/az.gasgas.it\/it\/privacy-policy\/#breadcrumb"},"inLanguage":"it-IT","potentialAction":[{"@type":"ReadAction","target":["https:\/\/az.gasgas.it\/it\/privacy-policy\/"]}]},{"@type":"BreadcrumbList","@id":"https:\/\/az.gasgas.it\/it\/privacy-policy\/#breadcrumb","itemListElement":[{"@type":"ListItem","position":1,"name":"Portada","item":"https:\/\/az.gasgas.it\/it\/"},{"@type":"ListItem","position":2,"name":"Privacy Policy"}]},{"@type":"WebSite","@id":"https:\/\/az.gasgas.it\/it\/#website","url":"https:\/\/az.gasgas.it\/it\/","name":"AZ CIBE","description":"AZ Commercio Internacional Bienes de Equipo S.L.","potentialAction":[{"@type":"SearchAction","target":{"@type":"EntryPoint","urlTemplate":"https:\/\/az.gasgas.it\/it\/?s={search_term_string}"},"query-input":{"@type":"PropertyValueSpecification","valueRequired":true,"valueName":"search_term_string"}}],"inLanguage":"it-IT"}]}},"_links":{"self":[{"href":"https:\/\/az.gasgas.it\/it\/wp-json\/wp\/v2\/pages\/235","targetHints":{"allow":["GET"]}}],"collection":[{"href":"https:\/\/az.gasgas.it\/it\/wp-json\/wp\/v2\/pages"}],"about":[{"href":"https:\/\/az.gasgas.it\/it\/wp-json\/wp\/v2\/types\/page"}],"author":[{"embeddable":true,"href":"https:\/\/az.gasgas.it\/it\/wp-json\/wp\/v2\/users\/1"}],"replies":[{"embeddable":true,"href":"https:\/\/az.gasgas.it\/it\/wp-json\/wp\/v2\/comments?post=235"}],"version-history":[{"count":2,"href":"https:\/\/az.gasgas.it\/it\/wp-json\/wp\/v2\/pages\/235\/revisions"}],"predecessor-version":[{"id":247,"href":"https:\/\/az.gasgas.it\/it\/wp-json\/wp\/v2\/pages\/235\/revisions\/247"}],"wp:attachment":[{"href":"https:\/\/az.gasgas.it\/it\/wp-json\/wp\/v2\/media?parent=235"}],"curies":[{"name":"wp","href":"https:\/\/api.w.org\/{rel}","templated":true}]}}