{"id":213,"date":"2025-05-22T17:27:03","date_gmt":"2025-05-22T15:27:03","guid":{"rendered":"https:\/\/az.gasgas.it\/quienes-somos\/"},"modified":"2025-06-09T19:13:00","modified_gmt":"2025-06-09T17:13:00","slug":"chi-siamo","status":"publish","type":"page","link":"https:\/\/az.gasgas.it\/it\/chi-siamo\/","title":{"rendered":"CHI SIAMO"},"content":{"rendered":"<div class=\"wpb-content-wrapper\"><p>[vc_row content_placement=&#8221;middle&#8221;][vc_column][vc_column_text css=&#8221;&#8221;]<\/p>\r\n<p><strong>AZ Comercio Internacional Bienes de Equipo S.L.<\/strong> \u00e8 una compagnia di diritto Spagnolo che \u00e8 nata a Madrid nell\u2019anno 1999 ed \u00e8 registrata presso la Camera di Commercio di tale citt\u00e0.<\/p>\r\n<p><strong>AZ<\/strong> \u00e8 nata dall\u2019intuizione dell\u2019attuale Amministratore Unico, Don Giuseppe Rigoni, che, risiedendo in forma stabile in Spagna da oltre un ventennio, si era reso conto dell\u2019esigenza delle societ\u00e0 manifatturiere italiane di avere un interlocutore affidabile per la soluzione di tutte le problematiche legate all\u2019esportazione dei loro beni prodotti in Italia.<\/p>\r\n<p>Nel tempo l\u2019attivit\u00e0 di <strong>AZ Comercio Internacional Bienes de Equipo S.L.<\/strong> si \u00e8 evoluta dalla prestazione di servizi alle imprese a vera e propria compagnia di trading con operazioni commerciali sia in Spagna che verso qualsivoglia paese del Mondo.<\/p>\r\n<p>Il fatturato \u00e8 cresciuto in linea con la qualit\u00e0 e l\u2019utilit\u00e0 dei servizi resi alle Imprese<\/p>\r\n<p><strong>AZ Comercio Internacional Bienes de Equipo S.L.<\/strong> \u00e8 pertanto a pieno titolo oggi considerata come una delle maggiori Compagnie di Trading di Spagna e la necessit\u00e0 dell\u2019applicazione di rigorose procedure di gestione, di amministrazione, di contabilit\u00e0 e, necessariamente, di rigorosit\u00e0 fiscale che ne fanno una Impresa affidabile, efficiente ed estremamente qualificata.<\/p>\r\n<p>Il continuo lavoro di Internal Auditing, che ci ha portato a migliorare continuamente la qualit\u00e0 del nostro lavoro ed il gradimento dei nostri importanti clienti, ha avuto come suo naturale obbiettivo la scelta di sottoporre la nostra Societ\u00e0 ad un processo di verifica tramite un oggettivo e imparziale External Auditing.<\/p>\r\n<p>Ci\u00f2 nell\u2019ottica della continua ricerca di quella qualit\u00e0 che \u00e8 ormai ineludibile per competere ai pi\u00f9 alti livelli delle imprese nel Mondo.<\/p>\r\n<p>[\/vc_column_text][\/vc_column][\/vc_row][vc_row][vc_column][vc_column_text]<\/p>\r\n<p>[\/vc_column_text][\/vc_column][\/vc_row]<\/p><!-- \/wp:post-content --><\/div>","protected":false},"excerpt":{"rendered":"<p>[vc_row content_placement=&#8221;middle&#8221;][vc_column][vc_column_text css=&#8221;&#8221;] AZ Comercio Internacional Bienes de Equipo S.L. \u00e8 una compagnia di diritto Spagnolo che \u00e8 nata a Madrid nell\u2019anno 1999 ed \u00e8 registrata presso la Camera di Commercio di tale citt\u00e0. AZ \u00e8 nata dall\u2019intuizione dell\u2019attuale Amministratore Unico, Don Giuseppe Rigoni, che, risiedendo in forma stabile in Spagna da oltre un ventennio, &hellip; <a href=\"https:\/\/az.gasgas.it\/it\/chi-siamo\/\" class=\"more-link\">Continue reading <span class=\"screen-reader-text\">CHI SIAMO<\/span><\/a><\/p>\n","protected":false},"author":1,"featured_media":0,"parent":0,"menu_order":0,"comment_status":"closed","ping_status":"open","template":"","meta":{"footnotes":""},"class_list":["post-213","page","type-page","status-publish","hentry"],"yoast_head":"<!-- This site is optimized with the Yoast SEO plugin v25.2 - https:\/\/yoast.com\/wordpress\/plugins\/seo\/ -->\n<title>CHI SIAMO - AZ CIBE<\/title>\n<meta name=\"description\" content=\"AZ Comercio Internacional Bienes de Equipo S.L. \u00e8 una compagnia di diritto Spagnolo che \u00e8 nata a Madrid nell\u2019anno 1999 ed \u00e8 registrata presso la Camera di Commercio di tale citt\u00e0.\" \/>\n<meta name=\"robots\" content=\"noindex, follow, max-snippet:-1, max-image-preview:large, max-video-preview:-1\" \/>\n<meta property=\"og:locale\" content=\"it_IT\" \/>\n<meta property=\"og:type\" content=\"article\" \/>\n<meta property=\"og:title\" content=\"CHI SIAMO - AZ CIBE\" \/>\n<meta property=\"og:description\" content=\"AZ Comercio Internacional Bienes de Equipo S.L. \u00e8 una compagnia di diritto Spagnolo che \u00e8 nata a Madrid nell\u2019anno 1999 ed \u00e8 registrata presso la Camera di Commercio di tale citt\u00e0.\" \/>\n<meta property=\"og:url\" content=\"https:\/\/az.gasgas.it\/it\/chi-siamo\/\" \/>\n<meta property=\"og:site_name\" content=\"AZ CIBE\" \/>\n<meta property=\"article:modified_time\" content=\"2025-06-09T17:13:00+00:00\" \/>\n<meta name=\"twitter:card\" content=\"summary_large_image\" \/>\n<meta name=\"twitter:label1\" content=\"Tempo di lettura stimato\" \/>\n\t<meta name=\"twitter:data1\" content=\"2 minuti\" \/>\n<script type=\"application\/ld+json\" class=\"yoast-schema-graph\">{\"@context\":\"https:\/\/schema.org\",\"@graph\":[{\"@type\":\"WebPage\",\"@id\":\"https:\/\/az.gasgas.it\/it\/chi-siamo\/\",\"url\":\"https:\/\/az.gasgas.it\/it\/chi-siamo\/\",\"name\":\"CHI SIAMO - AZ CIBE\",\"isPartOf\":{\"@id\":\"https:\/\/az.gasgas.it\/it\/#website\"},\"datePublished\":\"2025-05-22T15:27:03+00:00\",\"dateModified\":\"2025-06-09T17:13:00+00:00\",\"description\":\"AZ Comercio Internacional Bienes de Equipo S.L. \u00e8 una compagnia di diritto Spagnolo che \u00e8 nata a Madrid nell\u2019anno 1999 ed \u00e8 registrata presso la Camera di Commercio di tale citt\u00e0.\",\"breadcrumb\":{\"@id\":\"https:\/\/az.gasgas.it\/it\/chi-siamo\/#breadcrumb\"},\"inLanguage\":\"it-IT\",\"potentialAction\":[{\"@type\":\"ReadAction\",\"target\":[\"https:\/\/az.gasgas.it\/it\/chi-siamo\/\"]}]},{\"@type\":\"BreadcrumbList\",\"@id\":\"https:\/\/az.gasgas.it\/it\/chi-siamo\/#breadcrumb\",\"itemListElement\":[{\"@type\":\"ListItem\",\"position\":1,\"name\":\"Portada\",\"item\":\"https:\/\/az.gasgas.it\/it\/\"},{\"@type\":\"ListItem\",\"position\":2,\"name\":\"CHI SIAMO\"}]},{\"@type\":\"WebSite\",\"@id\":\"https:\/\/az.gasgas.it\/it\/#website\",\"url\":\"https:\/\/az.gasgas.it\/it\/\",\"name\":\"AZ CIBE\",\"description\":\"AZ Commercio Internacional Bienes de Equipo S.L.\",\"potentialAction\":[{\"@type\":\"SearchAction\",\"target\":{\"@type\":\"EntryPoint\",\"urlTemplate\":\"https:\/\/az.gasgas.it\/it\/?s={search_term_string}\"},\"query-input\":{\"@type\":\"PropertyValueSpecification\",\"valueRequired\":true,\"valueName\":\"search_term_string\"}}],\"inLanguage\":\"it-IT\"}]}<\/script>\n<!-- \/ Yoast SEO plugin. -->","yoast_head_json":{"title":"CHI SIAMO - AZ CIBE","description":"AZ Comercio Internacional Bienes de Equipo S.L. \u00e8 una compagnia di diritto Spagnolo che \u00e8 nata a Madrid nell\u2019anno 1999 ed \u00e8 registrata presso la Camera di Commercio di tale citt\u00e0.","robots":{"index":"noindex","follow":"follow","max-snippet":"max-snippet:-1","max-image-preview":"max-image-preview:large","max-video-preview":"max-video-preview:-1"},"og_locale":"it_IT","og_type":"article","og_title":"CHI SIAMO - AZ CIBE","og_description":"AZ Comercio Internacional Bienes de Equipo S.L. \u00e8 una compagnia di diritto Spagnolo che \u00e8 nata a Madrid nell\u2019anno 1999 ed \u00e8 registrata presso la Camera di Commercio di tale citt\u00e0.","og_url":"https:\/\/az.gasgas.it\/it\/chi-siamo\/","og_site_name":"AZ CIBE","article_modified_time":"2025-06-09T17:13:00+00:00","twitter_card":"summary_large_image","twitter_misc":{"Tempo di lettura stimato":"2 minuti"},"schema":{"@context":"https:\/\/schema.org","@graph":[{"@type":"WebPage","@id":"https:\/\/az.gasgas.it\/it\/chi-siamo\/","url":"https:\/\/az.gasgas.it\/it\/chi-siamo\/","name":"CHI SIAMO - AZ CIBE","isPartOf":{"@id":"https:\/\/az.gasgas.it\/it\/#website"},"datePublished":"2025-05-22T15:27:03+00:00","dateModified":"2025-06-09T17:13:00+00:00","description":"AZ Comercio Internacional Bienes de Equipo S.L. \u00e8 una compagnia di diritto Spagnolo che \u00e8 nata a Madrid nell\u2019anno 1999 ed \u00e8 registrata presso la Camera di Commercio di tale citt\u00e0.","breadcrumb":{"@id":"https:\/\/az.gasgas.it\/it\/chi-siamo\/#breadcrumb"},"inLanguage":"it-IT","potentialAction":[{"@type":"ReadAction","target":["https:\/\/az.gasgas.it\/it\/chi-siamo\/"]}]},{"@type":"BreadcrumbList","@id":"https:\/\/az.gasgas.it\/it\/chi-siamo\/#breadcrumb","itemListElement":[{"@type":"ListItem","position":1,"name":"Portada","item":"https:\/\/az.gasgas.it\/it\/"},{"@type":"ListItem","position":2,"name":"CHI SIAMO"}]},{"@type":"WebSite","@id":"https:\/\/az.gasgas.it\/it\/#website","url":"https:\/\/az.gasgas.it\/it\/","name":"AZ CIBE","description":"AZ Commercio Internacional Bienes de Equipo S.L.","potentialAction":[{"@type":"SearchAction","target":{"@type":"EntryPoint","urlTemplate":"https:\/\/az.gasgas.it\/it\/?s={search_term_string}"},"query-input":{"@type":"PropertyValueSpecification","valueRequired":true,"valueName":"search_term_string"}}],"inLanguage":"it-IT"}]}},"_links":{"self":[{"href":"https:\/\/az.gasgas.it\/it\/wp-json\/wp\/v2\/pages\/213","targetHints":{"allow":["GET"]}}],"collection":[{"href":"https:\/\/az.gasgas.it\/it\/wp-json\/wp\/v2\/pages"}],"about":[{"href":"https:\/\/az.gasgas.it\/it\/wp-json\/wp\/v2\/types\/page"}],"author":[{"embeddable":true,"href":"https:\/\/az.gasgas.it\/it\/wp-json\/wp\/v2\/users\/1"}],"replies":[{"embeddable":true,"href":"https:\/\/az.gasgas.it\/it\/wp-json\/wp\/v2\/comments?post=213"}],"version-history":[{"count":4,"href":"https:\/\/az.gasgas.it\/it\/wp-json\/wp\/v2\/pages\/213\/revisions"}],"predecessor-version":[{"id":229,"href":"https:\/\/az.gasgas.it\/it\/wp-json\/wp\/v2\/pages\/213\/revisions\/229"}],"wp:attachment":[{"href":"https:\/\/az.gasgas.it\/it\/wp-json\/wp\/v2\/media?parent=213"}],"curies":[{"name":"wp","href":"https:\/\/api.w.org\/{rel}","templated":true}]}}